{"id":253,"date":"2025-08-11T16:22:43","date_gmt":"2025-08-11T16:22:43","guid":{"rendered":"https:\/\/outdoortour.cl\/?page_id=253"},"modified":"2025-08-19T03:55:01","modified_gmt":"2025-08-19T03:55:01","slug":"quienes-somos","status":"publish","type":"page","link":"https:\/\/outdoortour.cl\/index.php\/quienes-somos\/","title":{"rendered":"QUIENES SOMOS"},"content":{"rendered":"\t\t<div data-elementor-type=\"wp-page\" data-elementor-id=\"253\" class=\"elementor elementor-253\">\n\t\t\t\t<div class=\"elementor-element elementor-element-cb738ab e-con-full e-flex e-con e-parent\" data-id=\"cb738ab\" data-element_type=\"container\">\n\t\t<div class=\"elementor-element elementor-element-c09c943 e-con-full e-flex e-con e-child\" data-id=\"c09c943\" data-element_type=\"container\">\n\t\t\t\t<div class=\"elementor-element elementor-element-34f5701 elementor-widget elementor-widget-image\" data-id=\"34f5701\" data-element_type=\"widget\" data-widget_type=\"image.default\">\n\t\t\t\t\t\t\t\t\t\t\t\t\t\t\t<img fetchpriority=\"high\" decoding=\"async\" width=\"600\" height=\"450\" src=\"https:\/\/outdoortour.cl\/wp-content\/uploads\/2025\/08\/turismo-aventura.png\" class=\"attachment-large size-large wp-image-476\" alt=\"\" srcset=\"https:\/\/outdoortour.cl\/wp-content\/uploads\/2025\/08\/turismo-aventura.png 600w, https:\/\/outdoortour.cl\/wp-content\/uploads\/2025\/08\/turismo-aventura-300x225.png 300w\" sizes=\"(max-width: 600px) 100vw, 600px\" \/>\t\t\t\t\t\t\t\t\t\t\t\t\t\t\t<\/div>\n\t\t\t\t<\/div>\n\t\t<div class=\"elementor-element elementor-element-6d61ade e-con-full e-flex e-con e-child\" data-id=\"6d61ade\" data-element_type=\"container\">\n\t\t\t\t<div class=\"elementor-element elementor-element-634d28b elementor-widget elementor-widget-heading\" data-id=\"634d28b\" data-element_type=\"widget\" data-widget_type=\"heading.default\">\n\t\t\t\t\t<h2 class=\"elementor-heading-title elementor-size-default\">Quienes somos<\/h2>\t\t\t\t<\/div>\n\t\t\t\t<div class=\"elementor-element elementor-element-86faa98 elementor-widget elementor-widget-text-editor\" data-id=\"86faa98\" data-element_type=\"widget\" data-widget_type=\"text-editor.default\">\n\t\t\t\t\t\t\t\t\t<p data-start=\"174\" data-end=\"569\">En <strong data-start=\"177\" data-end=\"193\">Outdoor Tour<\/strong> creemos que viajar es mucho m\u00e1s que trasladarse a un hotel o caba\u00f1a: es una oportunidad para conectar con la naturaleza, aprender de nuestro patrimonio y crecer como personas. Desde el a\u00f1o 2019 dise\u00f1amos experiencias que unen turismo aventura, educaci\u00f3n y tecnolog\u00eda, creando programas donde la adrenalina se equilibra con el respeto, la seguridad y el cuidado del entorno.<\/p><p data-start=\"571\" data-end=\"1039\">Nuestro prop\u00f3sito es ofrecer a cada visitante momentos \u00fanicos e inolvidables, donde la emoci\u00f3n de la aventura y la naturaleza se transforma en un espacio de aprendizaje y valoraci\u00f3n del medio ambiente. <strong data-start=\"773\" data-end=\"808\">El mar, las monta\u00f1as y el cielo<\/strong> nos inspiran a trabajar con pasi\u00f3n, responsabilidad, compromiso y cuidado del medio ambiente, para que cada salida no sea solo un paseo, sino una experiencia significativa de descubrimiento y conexi\u00f3n con el mundo que nos rodea.<\/p>\t\t\t\t\t\t\t\t<\/div>\n\t\t\t\t<\/div>\n\t\t\t\t<\/div>\n\t\t\t\t<\/div>\n\t\t","protected":false},"excerpt":{"rendered":"<p>Quienes somos En Outdoor Tour creemos que viajar es mucho m\u00e1s que trasladarse a un hotel o caba\u00f1a: es una oportunidad para conectar con la naturaleza, aprender de nuestro patrimonio<\/p>\n","protected":false},"author":1,"featured_media":0,"parent":0,"menu_order":0,"comment_status":"closed","ping_status":"closed","template":"elementor_header_footer","meta":{"footnotes":""},"class_list":["post-253","page","type-page","status-publish","hentry"],"_links":{"self":[{"href":"https:\/\/outdoortour.cl\/index.php\/wp-json\/wp\/v2\/pages\/253","targetHints":{"allow":["GET"]}}],"collection":[{"href":"https:\/\/outdoortour.cl\/index.php\/wp-json\/wp\/v2\/pages"}],"about":[{"href":"https:\/\/outdoortour.cl\/index.php\/wp-json\/wp\/v2\/types\/page"}],"author":[{"embeddable":true,"href":"https:\/\/outdoortour.cl\/index.php\/wp-json\/wp\/v2\/users\/1"}],"replies":[{"embeddable":true,"href":"https:\/\/outdoortour.cl\/index.php\/wp-json\/wp\/v2\/comments?post=253"}],"version-history":[{"count":78,"href":"https:\/\/outdoortour.cl\/index.php\/wp-json\/wp\/v2\/pages\/253\/revisions"}],"predecessor-version":[{"id":5935,"href":"https:\/\/outdoortour.cl\/index.php\/wp-json\/wp\/v2\/pages\/253\/revisions\/5935"}],"wp:attachment":[{"href":"https:\/\/outdoortour.cl\/index.php\/wp-json\/wp\/v2\/media?parent=253"}],"curies":[{"name":"wp","href":"https:\/\/api.w.org\/{rel}","templated":true}]}}