{"id":5942,"date":"2025-08-19T05:41:21","date_gmt":"2025-08-19T05:41:21","guid":{"rendered":"https:\/\/outdoortour.cl\/?page_id=5942"},"modified":"2025-08-19T23:29:49","modified_gmt":"2025-08-19T23:29:49","slug":"mision-y-vision","status":"publish","type":"page","link":"https:\/\/outdoortour.cl\/index.php\/mision-y-vision\/","title":{"rendered":"Misi\u00f3n y visi\u00f3n"},"content":{"rendered":"\t\t<div data-elementor-type=\"wp-page\" data-elementor-id=\"5942\" class=\"elementor elementor-5942\">\n\t\t\t\t<div class=\"elementor-element elementor-element-c56e4c5 e-flex e-con-boxed e-con e-parent\" data-id=\"c56e4c5\" data-element_type=\"container\">\n\t\t\t\t\t<div class=\"e-con-inner\">\n\t\t\t\t<div class=\"elementor-element elementor-element-c91a62d elementor-widget elementor-widget-text-editor\" data-id=\"c91a62d\" data-element_type=\"widget\" data-widget_type=\"text-editor.default\">\n\t\t\t\t\t\t\t\t\t<h3 data-start=\"222\" data-end=\"238\">Misi\u00f3n<\/h3><p data-start=\"239\" data-end=\"670\">\u00a0 En <strong data-start=\"242\" data-end=\"258\">Outdoor Tour<\/strong> nos dedicamos a crear experiencias tur\u00edsticas que combinan <strong data-start=\"318\" data-end=\"358\">aventura, educaci\u00f3n y sostenibilidad<\/strong>, inspirando a las personas a descubrir, aprender y valorar la riqueza natural y cultural de Chile. Nuestro compromiso es ofrecer servicios de alta calidad y seguridad, guiados por profesionales apasionados, promoviendo el respeto por el medio ambiente y fortaleciendo el desarrollo de las comunidades locales.<\/p><hr data-start=\"672\" data-end=\"675\" \/><h3 data-start=\"677\" data-end=\"693\"><strong data-start=\"681\" data-end=\"691\">Visi\u00f3n<\/strong><\/h3><p data-start=\"694\" data-end=\"1002\">\u00a0 Ser reconocidos como la agencia de turismo\u00a0referente en la integraci\u00f3n de <strong data-start=\"801\" data-end=\"847\">aventura, cultura y conservaci\u00f3n ambiental<\/strong>, destacando por la innovaci\u00f3n, la personalizaci\u00f3n de nuestras experiencias y el impacto positivo en nuestros clientes y en el territorio donde operamos.<\/p><p data-start=\"694\" data-end=\"1002\"><strong>Para lograr nuestra visi\u00f3n y misi\u00f3n<\/strong>, nos enfocaremos en los siguientes valores:<\/p><ul><li data-start=\"694\" data-end=\"1002\">Calidad y seguridad: Nos comprometemos a proporcionar servicios de alta calidad y mantener los m\u00e1s altos est\u00e1ndares de seguridad en todas nuestras actividades. Trabajaremos con gu\u00edas y equipos profesionales, y nos aseguraremos de que nuestros clientes est\u00e9n bien informados y preparados para disfrutar de sus experiencias de manera segura.<\/li><li data-start=\"694\" data-end=\"1002\">Sostenibilidad ambiental: Reconocemos la importancia de proteger y preservar los entornos naturales en los que operamos. Nos comprometemos a practicar el turismo sostenible, minimizando nuestro impacto ambiental, educando a nuestros clientes sobre la importancia de la conservaci\u00f3n y apoyando iniciativas locales de protecci\u00f3n ambiental.<\/li><li data-start=\"694\" data-end=\"1002\">Experiencia y conocimiento: Contaremos con un equipo de gu\u00edas y expertos apasionados y altamente capacitados que compartir\u00e1n su conocimiento y experiencia con nuestros clientes. Nos esforzaremos por brindarles una comprensi\u00f3n profunda de los destinos y las actividades, enriqueciendo su experiencia y promoviendo un mayor aprecio por la naturaleza y la cultura locales.<\/li><li data-start=\"694\" data-end=\"1002\">Personalizaci\u00f3n y atenci\u00f3n al cliente: Nos comprometemos a entender las necesidades y deseos individuales de nuestros clientes, ofreciendo opciones personalizadas y adaptadas a sus preferencias. Brindaremos un servicio c\u00e1lido y amigable, asegur\u00e1ndonos de que cada cliente se sienta atendido y valorado en todo momento.<\/li><li data-start=\"694\" data-end=\"1002\">Colaboraci\u00f3n y desarrollo local: Trabajaremos en estrecha colaboraci\u00f3n con las comunidades locales, promoviendo el desarrollo econ\u00f3mico sostenible y el intercambio cultural. Fomentaremos alianzas con proveedores locales, apoyando la econom\u00eda regional y creando oportunidades para la comunidad.<\/li><li data-start=\"694\" data-end=\"1002\">Con nuestra visi\u00f3n, misi\u00f3n y valores como gu\u00eda, nos esforzaremos por superar las expectativas de nuestros clientes y convertirnos en la agencia preferida para aquellos que deseen explorar y disfrutar de las maravillas naturales y culturales de Chile.<\/li><\/ul>\t\t\t\t\t\t\t\t<\/div>\n\t\t\t\t\t<\/div>\n\t\t\t\t<\/div>\n\t\t<div class=\"elementor-element elementor-element-125bb44 e-flex e-con-boxed e-con e-parent\" data-id=\"125bb44\" data-element_type=\"container\">\n\t\t\t\t\t<div class=\"e-con-inner\">\n\t\t\t\t<div class=\"elementor-element elementor-element-17349f8 elementor-widget elementor-widget-video\" data-id=\"17349f8\" data-element_type=\"widget\" data-settings=\"{&quot;video_type&quot;:&quot;hosted&quot;,&quot;controls&quot;:&quot;yes&quot;}\" data-widget_type=\"video.default\">\n\t\t\t\t\t\t\t<div class=\"e-hosted-video elementor-wrapper elementor-open-inline\">\n\t\t\t\t\t<video class=\"elementor-video\" src=\"https:\/\/outdoortour.cl\/wp-content\/uploads\/2025\/08\/QUINTAY.mp4\" controls=\"\" preload=\"metadata\" controlsList=\"nodownload\"><\/video>\n\t\t\t\t<\/div>\n\t\t\t\t\t\t<\/div>\n\t\t\t\t<div class=\"elementor-element elementor-element-86e7a31 elementor-shape-rounded elementor-grid-0 e-grid-align-center elementor-widget elementor-widget-social-icons\" data-id=\"86e7a31\" data-element_type=\"widget\" data-widget_type=\"social-icons.default\">\n\t\t\t\t\t\t\t<div class=\"elementor-social-icons-wrapper elementor-grid\" role=\"list\">\n\t\t\t\t\t\t\t<span class=\"elementor-grid-item\" role=\"listitem\">\n\t\t\t\t\t<a class=\"elementor-icon elementor-social-icon elementor-social-icon-facebook elementor-repeater-item-4a1f51b\" href=\"http:\/\/www.facebook.com\/outdoortouchile\" target=\"_blank\">\n\t\t\t\t\t\t<span class=\"elementor-screen-only\">Facebook<\/span>\n\t\t\t\t\t\t<svg class=\"e-font-icon-svg e-fab-facebook\" viewBox=\"0 0 512 512\" xmlns=\"http:\/\/www.w3.org\/2000\/svg\"><path d=\"M504 256C504 119 393 8 256 8S8 119 8 256c0 123.78 90.69 226.38 209.25 245V327.69h-63V256h63v-54.64c0-62.15 37-96.48 93.67-96.48 27.14 0 55.52 4.84 55.52 4.84v61h-31.28c-30.8 0-40.41 19.12-40.41 38.73V256h68.78l-11 71.69h-57.78V501C413.31 482.38 504 379.78 504 256z\"><\/path><\/svg>\t\t\t\t\t<\/a>\n\t\t\t\t<\/span>\n\t\t\t\t\t\t\t<span class=\"elementor-grid-item\" role=\"listitem\">\n\t\t\t\t\t<a class=\"elementor-icon elementor-social-icon elementor-social-icon-instagram elementor-repeater-item-ed6b98c\" href=\"https:\/\/www.instagram.com\/outdoortouchile\" target=\"_blank\">\n\t\t\t\t\t\t<span class=\"elementor-screen-only\">Instagram<\/span>\n\t\t\t\t\t\t<svg class=\"e-font-icon-svg e-fab-instagram\" viewBox=\"0 0 448 512\" xmlns=\"http:\/\/www.w3.org\/2000\/svg\"><path d=\"M224.1 141c-63.6 0-114.9 51.3-114.9 114.9s51.3 114.9 114.9 114.9S339 319.5 339 255.9 287.7 141 224.1 141zm0 189.6c-41.1 0-74.7-33.5-74.7-74.7s33.5-74.7 74.7-74.7 74.7 33.5 74.7 74.7-33.6 74.7-74.7 74.7zm146.4-194.3c0 14.9-12 26.8-26.8 26.8-14.9 0-26.8-12-26.8-26.8s12-26.8 26.8-26.8 26.8 12 26.8 26.8zm76.1 27.2c-1.7-35.9-9.9-67.7-36.2-93.9-26.2-26.2-58-34.4-93.9-36.2-37-2.1-147.9-2.1-184.9 0-35.8 1.7-67.6 9.9-93.9 36.1s-34.4 58-36.2 93.9c-2.1 37-2.1 147.9 0 184.9 1.7 35.9 9.9 67.7 36.2 93.9s58 34.4 93.9 36.2c37 2.1 147.9 2.1 184.9 0 35.9-1.7 67.7-9.9 93.9-36.2 26.2-26.2 34.4-58 36.2-93.9 2.1-37 2.1-147.8 0-184.8zM398.8 388c-7.8 19.6-22.9 34.7-42.6 42.6-29.5 11.7-99.5 9-132.1 9s-102.7 2.6-132.1-9c-19.6-7.8-34.7-22.9-42.6-42.6-11.7-29.5-9-99.5-9-132.1s-2.6-102.7 9-132.1c7.8-19.6 22.9-34.7 42.6-42.6 29.5-11.7 99.5-9 132.1-9s102.7-2.6 132.1 9c19.6 7.8 34.7 22.9 42.6 42.6 11.7 29.5 9 99.5 9 132.1s2.7 102.7-9 132.1z\"><\/path><\/svg>\t\t\t\t\t<\/a>\n\t\t\t\t<\/span>\n\t\t\t\t\t<\/div>\n\t\t\t\t\t\t<\/div>\n\t\t\t\t\t<\/div>\n\t\t\t\t<\/div>\n\t\t\t\t<\/div>\n\t\t","protected":false},"excerpt":{"rendered":"<p>Misi\u00f3n \u00a0 En Outdoor Tour nos dedicamos a crear experiencias tur\u00edsticas que combinan aventura, educaci\u00f3n y sostenibilidad, inspirando a las personas a descubrir, aprender y valorar la riqueza natural y<\/p>\n","protected":false},"author":1,"featured_media":0,"parent":0,"menu_order":0,"comment_status":"closed","ping_status":"closed","template":"","meta":{"footnotes":""},"class_list":["post-5942","page","type-page","status-publish","hentry"],"_links":{"self":[{"href":"https:\/\/outdoortour.cl\/index.php\/wp-json\/wp\/v2\/pages\/5942","targetHints":{"allow":["GET"]}}],"collection":[{"href":"https:\/\/outdoortour.cl\/index.php\/wp-json\/wp\/v2\/pages"}],"about":[{"href":"https:\/\/outdoortour.cl\/index.php\/wp-json\/wp\/v2\/types\/page"}],"author":[{"embeddable":true,"href":"https:\/\/outdoortour.cl\/index.php\/wp-json\/wp\/v2\/users\/1"}],"replies":[{"embeddable":true,"href":"https:\/\/outdoortour.cl\/index.php\/wp-json\/wp\/v2\/comments?post=5942"}],"version-history":[{"count":5,"href":"https:\/\/outdoortour.cl\/index.php\/wp-json\/wp\/v2\/pages\/5942\/revisions"}],"predecessor-version":[{"id":5960,"href":"https:\/\/outdoortour.cl\/index.php\/wp-json\/wp\/v2\/pages\/5942\/revisions\/5960"}],"wp:attachment":[{"href":"https:\/\/outdoortour.cl\/index.php\/wp-json\/wp\/v2\/media?parent=5942"}],"curies":[{"name":"wp","href":"https:\/\/api.w.org\/{rel}","templated":true}]}}