{"id":6035,"date":"2025-09-12T20:11:27","date_gmt":"2025-09-12T20:11:27","guid":{"rendered":"https:\/\/outdoortour.cl\/?post_type=product&#038;p=6035"},"modified":"2025-09-12T20:26:00","modified_gmt":"2025-09-12T20:26:00","slug":"puerto-aysen-ruta-del-agua","status":"publish","type":"product","link":"https:\/\/outdoortour.cl\/index.php\/producto\/puerto-aysen-ruta-del-agua\/","title":{"rendered":"PUERTO AYSEN &#8211; Ruta del Agua"},"content":{"rendered":"<p><span style=\"color: #000000;\"><strong>DESCRIPCION DEL PRODUCTO:<\/strong><\/span><\/p>\n<p><span style=\"color: #000000;\"><strong>Lugar:<\/strong>\u00a0Puerto Aysen<\/span><br \/>\n<span style=\"color: #000000;\"><strong>P\u00fablico objetivo:<\/strong> Apto para todo tipo de publico.<\/span><br \/>\n<span style=\"color: #000000;\"><strong>Enfoque:<\/strong>\u00a0Turismo aventura, trabajo en equipo y contacto con la naturaleza<\/span><\/p>\n<p data-start=\"573\" data-end=\"976\"><span style=\"color: #000000;\">\u00a0 Una experiencia de un d\u00eda completo donde naturaleza y cultura se unen. Comenzaremos con una visita a la Cascada del Le\u00f3n, un salto de agua imponente rodeado de vegetaci\u00f3n nativa. Luego, conoceremos el lugar donde el R\u00edo Simpson y el R\u00edo Ma\u00f1ihuales se encuentran, dando origen al majestuoso R\u00edo Ays\u00e9n, que atraviesa la ciudad y motiv\u00f3 la construcci\u00f3n del hist\u00f3rico Puente Presidente Ib\u00e1\u00f1ez.<\/span><\/p>\n<p data-start=\"978\" data-end=\"1161\"><span style=\"color: #000000;\">La jornada finaliza en el km 26, un entorno natural con puente panor\u00e1mico, donde realizaremos un minipicnic con productos locales, ideal para compartir y disfrutar en grupo.<\/span><\/p>\n<p data-start=\"1163\" data-end=\"1321\"><span style=\"color: #000000;\">Este programa est\u00e1 dise\u00f1ado para entregar conocimiento, recreaci\u00f3n y conexi\u00f3n con el entorno, en un recorrido seguro y acompa\u00f1ado por monitores capacitados.<\/span><\/p>\n<p data-start=\"1163\" data-end=\"1321\"><span style=\"color: #000000;\"><strong>PROGRAMA:<br \/>\n<\/strong><strong>Actividad 1 \u2013\u00a0<\/strong><strong data-start=\"1348\" data-end=\"1382\">Cascada del Le\u00f3n<\/strong><\/span><br data-start=\"1382\" data-end=\"1385\" \/><span style=\"color: #000000;\">\u2013 Recorrido guiado hasta la cascada<\/span><br data-start=\"1420\" data-end=\"1423\" \/><span style=\"color: #000000;\">\u2013 Explicaci\u00f3n de la biodiversidad del entorno<\/span><br data-start=\"1468\" data-end=\"1471\" \/><span style=\"color: #000000;\">\u2013 Espacio para fotograf\u00eda y contemplaci\u00f3n<\/span><br data-start=\"1512\" data-end=\"1515\" \/><span style=\"color: #000000;\"><strong data-start=\"1515\" data-end=\"1528\">Objetivo:<\/strong> Fomentar el respeto por la naturaleza y la valoraci\u00f3n de los paisajes de Ays\u00e9n.<\/span><\/p>\n<p data-start=\"1612\" data-end=\"1935\"><span style=\"color: #000000;\"><strong data-start=\"1612\" data-end=\"1668\">Actividad 2 \u2013 Uni\u00f3n de los R\u00edos Simpson y Ma\u00f1ihuales<\/strong><\/span><br data-start=\"1668\" data-end=\"1671\" \/><span style=\"color: #000000;\">\u2013 Visita al punto de confluencia<\/span><br data-start=\"1703\" data-end=\"1706\" \/><span style=\"color: #000000;\">\u2013 Relato hist\u00f3rico sobre la formaci\u00f3n del R\u00edo Ays\u00e9n y la construcci\u00f3n del Puente Presidente Ib\u00e1\u00f1ez<\/span><br data-start=\"1804\" data-end=\"1807\" \/><span style=\"color: #000000;\">\u2013 Observaci\u00f3n del entorno fluvial y cultural<\/span><br data-start=\"1851\" data-end=\"1854\" \/><span style=\"color: #000000;\"><strong data-start=\"1854\" data-end=\"1867\">Objetivo:<\/strong> Promover la educaci\u00f3n patrimonial y ambiental en un entorno vivo.<\/span><\/p>\n<p data-start=\"1937\" data-end=\"2187\"><span style=\"color: #000000;\"><strong data-start=\"1937\" data-end=\"1973\">Actividad 3 \u2013 Picnic en el km 26<\/strong><\/span><br data-start=\"1973\" data-end=\"1976\" \/><span style=\"color: #000000;\">\u2013 Breve caminata hasta el mirador del puente<\/span><br data-start=\"2020\" data-end=\"2023\" \/><span style=\"color: #000000;\">\u2013 Minipicnic grupal con productos locales<\/span><br data-start=\"2064\" data-end=\"2067\" \/><span style=\"color: #000000;\">\u2013 Espacio de integraci\u00f3n y convivencia<\/span><br data-start=\"2105\" data-end=\"2108\" \/><span style=\"color: #000000;\"><strong data-start=\"2108\" data-end=\"2121\">Objetivo:<\/strong> Favorecer la integraci\u00f3n y el compartir en un ambiente natural.<\/span><\/p>\n<p data-start=\"1937\" data-end=\"2187\"><span style=\"color: #000000;\"><strong>SERVICIOS INCLUIDOS:<br \/>\n<\/strong>\u2013 Traslado desde y hacia el punto de encuentro\u00a0<\/span><br data-start=\"2270\" data-end=\"2273\" \/><span style=\"color: #000000;\">\u2013 Actividades guiadas con monitores capacitados<\/span><br data-start=\"2320\" data-end=\"2323\" \/><span style=\"color: #000000;\">\u2013 Degustaci\u00f3n con productos locales<\/span><br data-start=\"2357\" data-end=\"2360\" \/><span style=\"color: #000000;\">\u2013 Asistencia y acompa\u00f1amiento durante toda la jornada<\/span><\/p>\n<p data-start=\"1937\" data-end=\"2187\"><span style=\"color: #000000;\"><strong>FORMAS DE PAGO:<br \/>\n<\/strong>Aceptamos todo medio de pago: tarjetas de d\u00e9bito, cr\u00e9dito y WebPay. Emitimos boletas y facturas. Las cotizaciones tienen una validez de 7 d\u00edas desde su emisi\u00f3n; pasado este plazo, los valores podr\u00e1n variar.<\/span><\/p>\n<p data-start=\"1937\" data-end=\"2187\"><span style=\"color: #000000;\"><strong>Valor total por persona (IVA incluido)<\/strong><\/span><\/p>\n","protected":false},"excerpt":{"rendered":"<p>Vive una experiencia de d\u00eda completo explorando los tesoros naturales y culturales de Ays\u00e9n. Desde la majestuosidad de la Cascada del Le\u00f3n, identificaci\u00f3n de la uni\u00f3n de los r\u00edos que forman el imponente R\u00edo Ays\u00e9n, hasta disfrutar de una degustaci\u00f3n con productos locales. Un programa pensado para aprender, integrarse y disfrutar, acompa\u00f1ado por monitores capacitados y con todo lo necesario incluido.<\/p>\n","protected":false},"featured_media":6036,"comment_status":"open","ping_status":"closed","template":"","meta":[],"product_brand":[],"product_cat":[15],"product_tag":[],"class_list":{"0":"post-6035","1":"product","2":"type-product","3":"status-publish","4":"has-post-thumbnail","6":"product_cat-productos","8":"first","9":"instock","10":"virtual","11":"purchasable","12":"product-type-simple"},"_links":{"self":[{"href":"https:\/\/outdoortour.cl\/index.php\/wp-json\/wp\/v2\/product\/6035","targetHints":{"allow":["GET"]}}],"collection":[{"href":"https:\/\/outdoortour.cl\/index.php\/wp-json\/wp\/v2\/product"}],"about":[{"href":"https:\/\/outdoortour.cl\/index.php\/wp-json\/wp\/v2\/types\/product"}],"replies":[{"embeddable":true,"href":"https:\/\/outdoortour.cl\/index.php\/wp-json\/wp\/v2\/comments?post=6035"}],"wp:featuredmedia":[{"embeddable":true,"href":"https:\/\/outdoortour.cl\/index.php\/wp-json\/wp\/v2\/media\/6036"}],"wp:attachment":[{"href":"https:\/\/outdoortour.cl\/index.php\/wp-json\/wp\/v2\/media?parent=6035"}],"wp:term":[{"taxonomy":"product_brand","embeddable":true,"href":"https:\/\/outdoortour.cl\/index.php\/wp-json\/wp\/v2\/product_brand?post=6035"},{"taxonomy":"product_cat","embeddable":true,"href":"https:\/\/outdoortour.cl\/index.php\/wp-json\/wp\/v2\/product_cat?post=6035"},{"taxonomy":"product_tag","embeddable":true,"href":"https:\/\/outdoortour.cl\/index.php\/wp-json\/wp\/v2\/product_tag?post=6035"}],"curies":[{"name":"wp","href":"https:\/\/api.w.org\/{rel}","templated":true}]}}