{"id":619,"date":"2025-08-11T22:39:43","date_gmt":"2025-08-11T22:39:43","guid":{"rendered":"https:\/\/outdoortour.cl\/?post_type=product&#038;p=619"},"modified":"2025-08-22T15:26:45","modified_gmt":"2025-08-22T15:26:45","slug":"cumbre-cerro-cordon-aysen","status":"publish","type":"product","link":"https:\/\/outdoortour.cl\/index.php\/producto\/cumbre-cerro-cordon-aysen\/","title":{"rendered":"PUERTO AYSEN &#8211; Terreno Cumbre Cerro Cordon"},"content":{"rendered":"<p><strong>Lugar:<\/strong> Puerto Ays\u00e9n<br \/>\n<strong>P\u00fablico objetivo:<\/strong> Desde los 16 a\u00f1os, adaptable hasta 14 a\u00f1os.<br \/>\n<strong>Enfoque:<\/strong> Trekking de monta\u00f1a, liderazgo, trabajo en equipo, identificaci\u00f3n y contacto con la naturaleza<\/p>\n<p><strong>DESCRIPCION GENERAL:<br \/>\n<\/strong>Una experiencia formativa y desafiante, ideal para grupos escolares que buscan fortalecer la perseverancia, la colaboraci\u00f3n y la conexi\u00f3n con el entorno natural.<br \/>\nEl programa consiste en el ascenso guiado al Cerro Cord\u00f3n, uno de los principales miradores naturales de Puerto Ays\u00e9n, que ofrece vistas panor\u00e1micas del fiordo, la ciudad y los bosques patag\u00f3nicos.<br \/>\nDurante la jornada, se abordar\u00e1n tem\u00e1ticas como el cuidado del medio ambiente, geograf\u00eda local, flora y fauna nativa, y trabajo en equipo en contextos reales.<br \/>\nLa actividad culmina con la llegada a la cumbre a m\u00e1s de 1.280 msnm.<br \/>\nEsta salida combina exigencia f\u00edsica, educaci\u00f3n ambiental y crecimiento personal, en una jornada segura y guiada.<\/p>\n<p><strong>PROGRAMA:<\/strong><\/p>\n<p><strong>Actividad \u2013 Cumbre<\/strong><\/p>\n<p>\u2022 Charla inicial de seguridad y preparaci\u00f3n de mochilas<br \/>\n\u2022 Taller no deje rastro<br \/>\n\u2022 Observaci\u00f3n de flora, fauna y geograf\u00eda de la zona<br \/>\n\u2022 Apoyo y motivaci\u00f3n permanente del equipo gu\u00eda<br \/>\n\u2022 Llegada a la cima con vista panor\u00e1mica del fiordo y la ciudad<br \/>\n\u2022 Colaci\u00f3n, mas bebestibles<\/p>\n<p><strong>Objetivo:<\/strong> Fomentar la superaci\u00f3n personal, el liderazgo y la conciencia del entorno natural a trav\u00e9s del esfuerzo f\u00edsico compartido<\/p>\n<p><strong>SERVICIOS INCLUIDOS:<\/strong><br \/>\n\u2022 Gu\u00edas especializados en identificaci\u00f3n<br \/>\n\u2022 Equipamiento b\u00e1sico de apoyo (Botiquin)<br \/>\n\u2022 Actividades de reconocimiento durante el trekking<br \/>\n\u2022 Colaci\u00f3n en cumbre del cerro<\/p>\n<p><strong>FORMAS DE PAGO:<br \/>\n<\/strong>Aceptamos todo medio de pago: tarjetas de d\u00e9bito, cr\u00e9dito y WebPay. Emitimos boletas y facturas. Las cotizaciones tienen una validez de 7 d\u00edas desde su emisi\u00f3n; pasado este plazo, los valores podr\u00e1n variar.<\/p>\n","protected":false},"excerpt":{"rendered":"<p>Vive una jornada de desaf\u00edo y aprendizaje en uno de los miradores m\u00e1s impresionantes de la Patagonia. Ascender\u00e1s junto a gu\u00edas especializados, explorando flora, fauna y geograf\u00eda local, mientras fortaleces liderazgo, trabajo en equipo y conciencia ambiental. Ideal para grupos escolares desde los 16 a\u00f1os. Incluye colaci\u00f3n, actividades formativas y acompa\u00f1amiento seguro hasta la cumbre.<\/p>\n","protected":false},"featured_media":5903,"comment_status":"open","ping_status":"closed","template":"","meta":[],"product_brand":[],"product_cat":[15],"product_tag":[],"class_list":{"0":"post-619","1":"product","2":"type-product","3":"status-publish","4":"has-post-thumbnail","6":"product_cat-productos","8":"first","9":"instock","10":"virtual","11":"purchasable","12":"product-type-simple"},"_links":{"self":[{"href":"https:\/\/outdoortour.cl\/index.php\/wp-json\/wp\/v2\/product\/619","targetHints":{"allow":["GET"]}}],"collection":[{"href":"https:\/\/outdoortour.cl\/index.php\/wp-json\/wp\/v2\/product"}],"about":[{"href":"https:\/\/outdoortour.cl\/index.php\/wp-json\/wp\/v2\/types\/product"}],"replies":[{"embeddable":true,"href":"https:\/\/outdoortour.cl\/index.php\/wp-json\/wp\/v2\/comments?post=619"}],"wp:featuredmedia":[{"embeddable":true,"href":"https:\/\/outdoortour.cl\/index.php\/wp-json\/wp\/v2\/media\/5903"}],"wp:attachment":[{"href":"https:\/\/outdoortour.cl\/index.php\/wp-json\/wp\/v2\/media?parent=619"}],"wp:term":[{"taxonomy":"product_brand","embeddable":true,"href":"https:\/\/outdoortour.cl\/index.php\/wp-json\/wp\/v2\/product_brand?post=619"},{"taxonomy":"product_cat","embeddable":true,"href":"https:\/\/outdoortour.cl\/index.php\/wp-json\/wp\/v2\/product_cat?post=619"},{"taxonomy":"product_tag","embeddable":true,"href":"https:\/\/outdoortour.cl\/index.php\/wp-json\/wp\/v2\/product_tag?post=619"}],"curies":[{"name":"wp","href":"https:\/\/api.w.org\/{rel}","templated":true}]}}