{"id":625,"date":"2025-08-12T00:17:57","date_gmt":"2025-08-12T00:17:57","guid":{"rendered":"https:\/\/outdoortour.cl\/?post_type=product&#038;p=625"},"modified":"2025-08-20T22:07:31","modified_gmt":"2025-08-20T22:07:31","slug":"buceo-kayak-city-tour-3-noches-en-vina-del-mar","status":"publish","type":"product","link":"https:\/\/outdoortour.cl\/index.php\/producto\/buceo-kayak-city-tour-3-noches-en-vina-del-mar\/","title":{"rendered":"VI\u00d1A DEL MAR &#8211; 3 noches, Buceo, Kayak, City Tour"},"content":{"rendered":"<p><strong>DESCRIPCION DEL PRODUCTO:<\/strong><\/p>\n<p><strong>Lugar:<\/strong> \u00a0Vi\u00f1a del Mar \u2013 Valpara\u00edso<br \/>\n<strong>P\u00fablico objetivo:<\/strong> Giras de estudios, grupos de amigos y instituciones desde los 16 a\u00f1os.<br \/>\n<strong>Enfoque:<\/strong> Turismo aventura y patrimonio costero<\/p>\n<p data-start=\"154\" data-end=\"466\">\u00a0 \u00a0Una experiencia de 4 d\u00edas y 3 noches en el coraz\u00f3n de Vi\u00f1a del Mar, especialmente dise\u00f1ada para conectar con lugares emblem\u00e1ticos y de gran valor patrimonial. Este programa invita a estudiantes, grupos e instituciones a vivir una aventura educativa y vivencial en el entorno costero de Vi\u00f1a del Mar y Valpara\u00edso.<\/p>\n<p data-start=\"468\" data-end=\"953\">A trav\u00e9s de actividades como el bautismo submarino y la traves\u00eda en kayak, los participantes podr\u00e1n experimentar la riqueza natural y cultural desde una perspectiva \u00fanica: explorando el mundo marino bajo el agua y navegando por la costa mientras descubren la historia y patrimonio. Cada momento est\u00e1 pensado para fomentar el respeto por el medio ambiente, la conciencia marina y el aprendizaje activo, creando recuerdos profundos y significativos que trascienden el aula.<\/p>\n<p data-start=\"955\" data-end=\"1159\">M\u00e1s que una gira, es una invitaci\u00f3n a sumergirse en la magia del mar y la historia, promoviendo la curiosidad, el trabajo en equipo y la conexi\u00f3n con el entorno, en un viaje seguro, formativo y memorable.<\/p>\n<p><strong>ITINERARIO GENERAL:<\/strong><\/p>\n<p><strong>Hospedaje:<\/strong> En pleno centro de Vi\u00f1a del Mar, a pasos de \u00edconos tur\u00edsticos como la Quinta Vergara, Av. Per\u00fa, Casino Municipal, Reloj de Flores, centros comerciales y Mall Marina y a minutos de lugares como Re\u00f1aca, Conc\u00f3n y Valpara\u00edso.<br \/>\nLas instalaciones cuentan con ba\u00f1os, espacios comunes y seguridad permanente.<\/p>\n<p><strong>Duraci\u00f3n:<\/strong> 4 d\u00edas \/ 3 noches<\/p>\n<p><strong>Actividades Principales<\/strong><\/p>\n<p><strong>D\u00eda 1: Bienvenida y <\/strong><strong>Check-in<\/strong><\/p>\n<ul>\n<li>Check-in en hospedaje<\/li>\n<li>Reconocimiento del entorno cercano<\/li>\n<li>Almuerzo o Cena de cortes\u00eda<\/li>\n<\/ul>\n<p><strong>Dia 2. Bautismo Submarino: Buceo de Iniciaci\u00f3n<\/strong><\/p>\n<ul>\n<li>Inducci\u00f3n te\u00f3rica al buceo y manejo de equipo aut\u00f3nomo<\/li>\n<li>Pr\u00e1ctica supervisada de buceo hasta 10 metros de profundidad (30 a 40 minutos bajo el mar)<\/li>\n<li>Actividad guiada por instructores certificados<\/li>\n<\/ul>\n<p><strong>Objetivo:<\/strong> Fomentar la conciencia marina y seguridad personal<\/p>\n<p><strong>Dia 3. Traves\u00eda en Kayak + Charla Patrimonial<\/strong><\/p>\n<ul>\n<li>Navegaci\u00f3n en kayak por el borde costero<\/li>\n<li>Charla educativa sobre el patrimonio cultural e hist\u00f3rico de Valpara\u00edso<\/li>\n<li>Duraci\u00f3n aproximada: 2 a 3 horas<\/li>\n<li>Monitores capacitados y equipamiento completo<\/li>\n<\/ul>\n<p><strong>Objetivo:<\/strong> Observar el entorno natural, patrimonial y urbano desde el mar promoviendo el respeto por la historia<\/p>\n<p>Ambas actividades est\u00e1n sujetas a condiciones clim\u00e1ticas y se desarrollan bajo autorizaci\u00f3n y registro de zarpe de la <strong>Capitan\u00eda de Puerto de Valpara\u00edso<\/strong>.<\/p>\n<p><strong>SERVICIOS INCLUIDOS:<\/strong><\/p>\n<ul>\n<li>Alojamiento por 3 noches<\/li>\n<li>Alimentaci\u00f3n de bienvenida<\/li>\n<li>Iniciaci\u00f3n de buceo con equipo aut\u00f3nomo a 10m de profundidad.<\/li>\n<li>Registro de fotos Go Pro en Buceo<\/li>\n<li>Guiado en Kayak<\/li>\n<li>Snack para el desarrollo del guiado en Kayak<\/li>\n<li>Traslado hacia las actividades<\/li>\n<li>Coordinaci\u00f3n con capitan\u00eda puerto de Valpara\u00edso para el desarrollo de las actividades<\/li>\n<\/ul>\n<p><strong>FORMAS DE PAGO:<\/strong><\/p>\n<p>Aceptamos todo medio de pago: tarjetas de d\u00e9bito, cr\u00e9dito y WebPay. Emitimos boletas y facturas. Las cotizaciones tienen una validez de 7 d\u00edas desde su emisi\u00f3n; pasado este plazo, los valores podr\u00e1n variar.<\/p>\n<p><strong>Valor total por persona (IVA incluido)<\/strong><\/p>\n","protected":false},"excerpt":{"rendered":"<p>Es una experiencia de 4 d\u00edas y 3 noches en Vi\u00f1a del Mar, pensado para grupos de gira de estudios, amigos o, familiares. Combina aventura, mar y cultura. Vive el buceo recreativo, una traves\u00eda en kayak y un recorrido por la historia de la ciudad, todo con gu\u00edas certificados, hospedaje c\u00e9ntrico y un enfoque educativo y seguro. Ideal para giras de estudio, grupos de amigos e instituciones desde los 16 a\u00f1os.<\/p>\n","protected":false},"featured_media":632,"comment_status":"open","ping_status":"closed","template":"","meta":[],"product_brand":[],"product_cat":[15],"product_tag":[],"class_list":{"0":"post-625","1":"product","2":"type-product","3":"status-publish","4":"has-post-thumbnail","6":"product_cat-productos","8":"first","9":"instock","10":"virtual","11":"purchasable","12":"product-type-simple"},"_links":{"self":[{"href":"https:\/\/outdoortour.cl\/index.php\/wp-json\/wp\/v2\/product\/625","targetHints":{"allow":["GET"]}}],"collection":[{"href":"https:\/\/outdoortour.cl\/index.php\/wp-json\/wp\/v2\/product"}],"about":[{"href":"https:\/\/outdoortour.cl\/index.php\/wp-json\/wp\/v2\/types\/product"}],"replies":[{"embeddable":true,"href":"https:\/\/outdoortour.cl\/index.php\/wp-json\/wp\/v2\/comments?post=625"}],"wp:featuredmedia":[{"embeddable":true,"href":"https:\/\/outdoortour.cl\/index.php\/wp-json\/wp\/v2\/media\/632"}],"wp:attachment":[{"href":"https:\/\/outdoortour.cl\/index.php\/wp-json\/wp\/v2\/media?parent=625"}],"wp:term":[{"taxonomy":"product_brand","embeddable":true,"href":"https:\/\/outdoortour.cl\/index.php\/wp-json\/wp\/v2\/product_brand?post=625"},{"taxonomy":"product_cat","embeddable":true,"href":"https:\/\/outdoortour.cl\/index.php\/wp-json\/wp\/v2\/product_cat?post=625"},{"taxonomy":"product_tag","embeddable":true,"href":"https:\/\/outdoortour.cl\/index.php\/wp-json\/wp\/v2\/product_tag?post=625"}],"curies":[{"name":"wp","href":"https:\/\/api.w.org\/{rel}","templated":true}]}}