{"id":644,"date":"2025-08-12T03:19:39","date_gmt":"2025-08-12T03:19:39","guid":{"rendered":"https:\/\/outdoortour.cl\/?post_type=product&#038;p=644"},"modified":"2025-08-24T01:01:38","modified_gmt":"2025-08-24T01:01:38","slug":"surf-tour-guiado-al-museo-2-noches-en-vina-del-mar","status":"publish","type":"product","link":"https:\/\/outdoortour.cl\/index.php\/producto\/surf-tour-guiado-al-museo-2-noches-en-vina-del-mar\/","title":{"rendered":"VI\u00d1A DEL MAR &#8211; 2 Noches, Surf, City Tour Museo Fonck"},"content":{"rendered":"<h1><span style=\"color: #000000;\"><strong>DESCRIPCION DEL PRODUCTO:<\/strong><\/span><\/h1>\n<p><span style=\"color: #000000;\"><strong>Lugar:<\/strong> Vi\u00f1a del Mar \u2013 Conc\u00f3n<\/span><br \/>\n<span style=\"color: #000000;\"><strong>P\u00fablico objetivo:<\/strong> Estudiantes desde los 16 a\u00f1os<\/span><br \/>\n<span style=\"color: #000000;\"><strong>Enfoque:<\/strong> Surf recreativo, educaci\u00f3n ambiental, exploraci\u00f3n cient\u00edfica y cultural<\/span><\/p>\n<p><span style=\"color: #000000;\">\u00a0 Una experiencia de 2 noches y 3 dias en el coraz\u00f3n de Vi\u00f1a del Mar, actividad dise\u00f1ada para conectar con lugares emblem\u00e1ticos y de alto impacto patrimonial. Este programa de tres d\u00edas est\u00e1 dise\u00f1ado para ofrecer una experiencia educativa y activa en el entorno costero de Vi\u00f1a del Mar y Conc\u00f3n. Combinando el deporte, la observaci\u00f3n de la naturaleza y el aprendizaje cient\u00edfico, los estudiantes podr\u00e1n vivenciar la energ\u00eda del mar a trav\u00e9s del surf, conocer un ecosistema costero \u00fanico en la Roca Oce\u00e1nica, y descubrir colecciones arqueol\u00f3gicas y naturales en el prestigioso Museo Fonck.<\/span><\/p>\n<p><span style=\"color: #000000;\">M\u00e1s que una salida, esta gira es una invitaci\u00f3n a explorar el v\u00ednculo entre las olas, el territorio y la historia natural y cultural de la zona. Cada actividad est\u00e1 pensada para fomentar la curiosidad, el respeto por la naturaleza y el aprendizaje fuera del aula, conectando cuerpo y mente en un entorno que inspira.<\/span><\/p>\n<p><span style=\"color: #000000;\"><strong>ITINERARIO GENERAL:<br \/>\n<\/strong><\/span><span style=\"color: #000000;\"><strong>Hospedaje:<\/strong><\/span><br \/>\n<span style=\"color: #000000;\">En pleno centro de Vi\u00f1a del Mar, a pasos de \u00edconos tur\u00edsticos como la Quinta Vergara, Av. Per\u00fa, Casino Municipal, Reloj de Flores, centros comerciales y Mall Marina, y a minutos de lugares como Re\u00f1aca, Conc\u00f3n y Valpara\u00edso.<\/span><br \/>\n<span style=\"color: #000000;\">Las instalaciones cuentan con ba\u00f1os, espacios comunes y seguridad permanente.<br \/>\n<\/span><span style=\"color: #000000;\"><strong>Duraci\u00f3n:<\/strong> 3 d\u00edas \/ 2 noches<\/span><\/p>\n<p><span style=\"color: #000000;\"><strong>ACTIVIDADES PRINCIPALES:<br \/>\n<\/strong><strong>D\u00eda 1 \u2013 Bienvenida y Check-in<br \/>\n&#8211; <\/strong>Check-in en hospedaje<\/span><br \/>\n<span style=\"color: #000000;\">&#8211; Reconocimiento del entorno cercano<\/span><br \/>\n<span style=\"color: #000000;\">&#8211; Almuerzo o Cena de cortes\u00eda<\/span><\/p>\n<p><span style=\"color: #000000;\"><strong>D\u00eda 2 \u2013 Clase de Surf + Parada Educativa en Roca Oce\u00e1nica<br \/>\n<\/strong>&#8211; Inducci\u00f3n te\u00f3rica al surf: t\u00e9cnicas b\u00e1sicas, seguridad, cuidado del entorno marino<\/span><br \/>\n<span style=\"color: #000000;\">&#8211; Clase pr\u00e1ctica de surf guiada por instructores certificados (incluye traje y tabla)<\/span><br \/>\n<span style=\"color: #000000;\">&#8211; City tour\u00a0en la Roca Oce\u00e1nica: ubicada en Conc\u00f3n, esta formaci\u00f3n natural ha sido declarada Santuario de la Naturaleza. Es un sitio privilegiado para la observaci\u00f3n de aves marinas y para comprender la biodiversidad costera y procesos geol\u00f3gicos. La visita ser\u00e1 guiada, promoviendo la reflexi\u00f3n sobre la conservaci\u00f3n y la educaci\u00f3n ambiental.<\/span><br \/>\n<span style=\"color: #000000;\"><strong>Objetivo:<\/strong> Fomentar la conciencia ecol\u00f3gica, el trabajo en equipo y el respeto por los ecosistemas costeros mediante la pr\u00e1ctica del surf y la observaci\u00f3n del entorno en un \u00e1rea protegida.<\/span><\/p>\n<p><span style=\"color: #000000;\"><strong>D\u00eda 3 \u2013 Tour Guiado Museo Fonck<br \/>\n<\/strong>&#8211; Visita guiada al Museo Fonck de Vi\u00f1a del Mar, reconocido por su valioso patrimonio en arqueolog\u00eda, etnograf\u00eda y ciencias naturales. Los estudiantes podr\u00e1n explorar exposiciones permanentes sobre culturas originarias como la Rapa Nui, la cosmovisi\u00f3n andina y la historia de los pueblos precolombinos, adem\u00e1s de una destacada muestra sobre biodiversidad chilena.<\/span><br \/>\n<span style=\"color: #000000;\"><strong>Objetivo:<\/strong> Despertar el inter\u00e9s cient\u00edfico y cultural, desarrollando el pensamiento cr\u00edtico a partir del contacto con objetos, f\u00f3siles, artefactos y colecciones que ilustran el pasado humano y natural del territorio nacional.<\/span><\/p>\n<p><span style=\"color: #000000;\"><strong>SERVICIOS INCLUIDOS:<br \/>\n<\/strong>&#8211; Alojamiento por 2 noches<\/span><br \/>\n<span style=\"color: #000000;\">&#8211; Actividad de surf guiada con equipamiento completo<\/span><br \/>\n<span style=\"color: #000000;\">&#8211; Visita educativa a la Roca Oce\u00e1nica<\/span><br \/>\n<span style=\"color: #000000;\">&#8211; Colacion para el desarrollo de la actividad<\/span><br \/>\n<span style=\"color: #000000;\">&#8211; Entrada y tour guiado al Museo<\/span><br \/>\n<span style=\"color: #000000;\">&#8211; Traslado hacia las actividades<\/span><br \/>\n<span style=\"color: #000000;\">&#8211; Monitores certificados y gu\u00eda acompa\u00f1ante<\/span><\/p>\n<p><span style=\"color: #000000;\"><strong>FORMAS DE PAGO:<br \/>\n<\/strong>Aceptamos todo medio de pago: tarjetas de d\u00e9bito, cr\u00e9dito y WebPay. Emitimos boletas y facturas. Las cotizaciones tienen una validez de 7 d\u00edas desde su emisi\u00f3n; pasado este plazo, los valores podr\u00e1n variar.<\/span><\/p>\n<p><span style=\"color: #000000;\"><strong>Valor total por persona (IVA incluido)<br \/>\n<\/strong><\/span><span style=\"color: #000000;\">Cotiza desde $145.000 CLP<\/span><\/p>\n","protected":false},"excerpt":{"rendered":"<p><span style=\"color: #000000;\">\u00a0 Es una experiencia de 3 d\u00edas y 2 noches en Vi\u00f1a del Mar que combina surf recreativo, educaci\u00f3n ambiental y cultura. Vive clases guiadas de surf, explora la Roca Oce\u00e1nica y recorre el Museo Fonck, alojamiento c\u00e9ntrico y traslados incluidos. Ideal para estudiantes desde los 16 a\u00f1os que buscan una aventura educativa y activa en la costa.<\/span><\/p>\n","protected":false},"featured_media":646,"comment_status":"open","ping_status":"closed","template":"","meta":[],"product_brand":[],"product_cat":[15],"product_tag":[],"class_list":{"0":"post-644","1":"product","2":"type-product","3":"status-publish","4":"has-post-thumbnail","6":"product_cat-productos","8":"first","9":"instock","10":"sale","11":"virtual","12":"purchasable","13":"product-type-simple"},"_links":{"self":[{"href":"https:\/\/outdoortour.cl\/index.php\/wp-json\/wp\/v2\/product\/644","targetHints":{"allow":["GET"]}}],"collection":[{"href":"https:\/\/outdoortour.cl\/index.php\/wp-json\/wp\/v2\/product"}],"about":[{"href":"https:\/\/outdoortour.cl\/index.php\/wp-json\/wp\/v2\/types\/product"}],"replies":[{"embeddable":true,"href":"https:\/\/outdoortour.cl\/index.php\/wp-json\/wp\/v2\/comments?post=644"}],"wp:featuredmedia":[{"embeddable":true,"href":"https:\/\/outdoortour.cl\/index.php\/wp-json\/wp\/v2\/media\/646"}],"wp:attachment":[{"href":"https:\/\/outdoortour.cl\/index.php\/wp-json\/wp\/v2\/media?parent=644"}],"wp:term":[{"taxonomy":"product_brand","embeddable":true,"href":"https:\/\/outdoortour.cl\/index.php\/wp-json\/wp\/v2\/product_brand?post=644"},{"taxonomy":"product_cat","embeddable":true,"href":"https:\/\/outdoortour.cl\/index.php\/wp-json\/wp\/v2\/product_cat?post=644"},{"taxonomy":"product_tag","embeddable":true,"href":"https:\/\/outdoortour.cl\/index.php\/wp-json\/wp\/v2\/product_tag?post=644"}],"curies":[{"name":"wp","href":"https:\/\/api.w.org\/{rel}","templated":true}]}}